{"id":4748,"date":"2021-01-06T16:50:38","date_gmt":"2021-01-06T16:50:38","guid":{"rendered":"https:\/\/mse.al\/?page_id=4748"},"modified":"2021-01-06T18:10:05","modified_gmt":"2021-01-06T18:10:05","slug":"rreth-nesh","status":"publish","type":"page","link":"https:\/\/mse.al\/sq\/rreth-nesh\/","title":{"rendered":"Rreth Nesh"},"content":{"rendered":"<p><div class=\"fusion-fullwidth fullwidth-box fusion-builder-row-1 nonhundred-percent-fullwidth non-hundred-percent-height-scrolling\" style=\"--awb-border-radius-top-left:0px;--awb-border-radius-top-right:0px;--awb-border-radius-bottom-right:0px;--awb-border-radius-bottom-left:0px;--awb-padding-bottom:40px;--awb-flex-wrap:wrap;\" ><div class=\"fusion-builder-row fusion-row\"><div class=\"fusion-layout-column fusion_builder_column fusion-builder-column-0 fusion_builder_column_1_1 1_1 fusion-one-full fusion-column-first fusion-column-last\" style=\"--awb-bg-size:cover;--awb-margin-bottom:3px;\"><div class=\"fusion-column-wrapper fusion-flex-column-wrapper-legacy\"><div class=\"fusion-title title fusion-title-1 sep-underline sep-solid fusion-title-center fusion-title-text fusion-title-size-two\"><h2 class=\"fusion-title-heading title-heading-center fusion-responsive-typography-calculated\" style=\"margin:0;--fontSize:60;line-height:1.17;\">\u00c7far\u00eb B\u00ebjm\u00eb<\/h2><\/div><div class=\"fusion-clearfix\"><\/div><\/div><\/div><\/div><\/div><div class=\"fusion-fullwidth fullwidth-box fusion-builder-row-2 fusion-parallax-none nonhundred-percent-fullwidth non-hundred-percent-height-scrolling fusion-equal-height-columns\" style=\"--awb-background-position:center top;--awb-border-radius-top-left:0px;--awb-border-radius-top-right:0px;--awb-border-radius-bottom-right:0px;--awb-border-radius-bottom-left:0px;--awb-padding-top:50px;--awb-padding-bottom:50px;--awb-background-image:url(&quot;http:\/\/localhost\/wp-content\/uploads\/2016\/01\/home_next_level_bg.jpg&quot;);--awb-background-size:cover;--awb-border-sizes-top:0px;--awb-border-sizes-bottom:0px;--awb-flex-wrap:wrap;\" ><div class=\"fusion-builder-row fusion-row\"><div class=\"fusion-layout-column fusion_builder_column fusion-builder-column-1 fusion_builder_column_1_2 1_2 fusion-one-half fusion-column-first\" style=\"--awb-bg-size:cover;--awb-margin-bottom:40px;width:50%;width:calc(50% - ( ( 7% ) * 0.5 ) );margin-right: 7%;\"><div class=\"fusion-column-wrapper fusion-column-has-shadow fusion-flex-column-wrapper-legacy\"><div class=\"fusion-image-element in-legacy-container\" style=\"--awb-liftup-border-radius:20px;--awb-caption-title-font-family:var(--h2_typography-font-family);--awb-caption-title-font-weight:var(--h2_typography-font-weight);--awb-caption-title-font-style:var(--h2_typography-font-style);--awb-caption-title-size:var(--h2_typography-font-size);--awb-caption-title-transform:var(--h2_typography-text-transform);--awb-caption-title-line-height:var(--h2_typography-line-height);--awb-caption-title-letter-spacing:var(--h2_typography-letter-spacing);\"><div class=\"awb-image-frame awb-image-frame-1 imageframe-liftup imageframe-1\"><span class=\" fusion-imageframe imageframe-dropshadow imageframe-1\" style=\"border:10px solid #ffffff;border-radius:20px;-webkit-box-shadow: 26px 26px 30px rgba(0,0,0,0.3);box-shadow: 26px 26px 30px rgba(0,0,0,0.3);\"><img decoding=\"async\" width=\"800\" height=\"406\" title=\"SI (1)\" src=\"https:\/\/mse.al\/wp-content\/uploads\/2020\/10\/SI-1-1-e1603987925591.jpg\" alt class=\"img-responsive wp-image-4752\" srcset=\"https:\/\/mse.al\/wp-content\/uploads\/2020\/10\/SI-1-1-e1603987925591-200x102.jpg 200w, https:\/\/mse.al\/wp-content\/uploads\/2020\/10\/SI-1-1-e1603987925591-400x203.jpg 400w, https:\/\/mse.al\/wp-content\/uploads\/2020\/10\/SI-1-1-e1603987925591-600x305.jpg 600w, https:\/\/mse.al\/wp-content\/uploads\/2020\/10\/SI-1-1-e1603987925591.jpg 800w\" sizes=\"(max-width: 800px) 100vw, 600px\" \/><\/span><\/div><\/div><div class=\"fusion-clearfix\"><\/div><\/div><\/div><div class=\"fusion-layout-column fusion_builder_column fusion-builder-column-2 fusion_builder_column_1_2 1_2 fusion-one-half fusion-column-last\" style=\"--awb-bg-size:cover;width:50%;width:calc(50% - ( ( 7% ) * 0.5 ) );\"><div class=\"fusion-column-wrapper fusion-column-has-shadow fusion-flex-column-wrapper-legacy\"><div class=\"fusion-text fusion-text-1\"><p style=\"text-align: left;\">Si autoritet ne industrin\u00eb komplekse t\u00eb pajisjeve radiologjike t\u00eb reja, t\u00eb rinovuara dhe t\u00eb p\u00ebrorura, ne q\u00ebndrojme t\u00eb fort\u00eb n\u00eb integritetin, mjesht\u00ebrin\u00eb dhe rrug\u00ebs s\u00eb drejtp\u00ebrdrejt\u00eb.<br \/>\nPuna q\u00eb ne b\u00ebjm\u00eb cdo dit\u00eb \u00ebsht\u00eb e bazuar ne produkte cil\u00ebsore dhe sh\u00ebrbim t\u00eb besuar. Reputacioni yne varet nga kjo gj\u00eb.<\/p>\n<p style=\"text-align: left;\">Modeli i biznesit t\u00eb MSE \u00ebsht\u00eb nj\u00eb kombinim i jasht\u00ebzakonsh\u00ebm i zgjidhjeve t\u00eb integruara, pavar\u00ebsia OEM dhe njohuria e thell\u00eb e proceseve t\u00eb kujdesit mjek\u00ebsor q\u00eb \u00e7on n\u00eb p\u00ebrmir\u00ebsimin e kujdesit ndaj pacientit, efikasitetin e kostove dhe maksimumin e vler\u00ebs s\u00eb ofruesve t\u00eb kujdesit sh\u00ebndet\u00ebsor.<\/p>\n<\/div><div class=\"fusion-clearfix\"><\/div><\/div><\/div><\/div><\/div><div class=\"fusion-fullwidth fullwidth-box fusion-builder-row-3 fusion-parallax-none nonhundred-percent-fullwidth non-hundred-percent-height-scrolling fusion-equal-height-columns\" style=\"--awb-border-radius-top-left:0px;--awb-border-radius-top-right:0px;--awb-border-radius-bottom-right:0px;--awb-border-radius-bottom-left:0px;--awb-padding-top:30px;--awb-padding-bottom:30px;--awb-background-image:url(&quot;http:\/\/localhost\/wp-content\/uploads\/2016\/02\/about_us_cta_business_bg-1.jpg&quot;);--awb-background-size:cover;--awb-flex-wrap:wrap;\" ><div class=\"fusion-builder-row fusion-row\"><div class=\"fusion-layout-column fusion_builder_column fusion-builder-column-3 fusion_builder_column_1_2 1_2 fusion-one-half fusion-column-first\" style=\"--awb-bg-size:cover;--awb-margin-bottom:40px;width:50%;width:calc(50% - ( ( 7% ) * 0.5 ) );margin-right: 7%;\"><div class=\"fusion-column-wrapper fusion-flex-column-wrapper-legacy\"><div class=\"fusion-column-content-centered\"><div class=\"fusion-column-content\"><div class=\"fusion-title title fusion-title-2 sep-underline sep-solid fusion-title-center fusion-title-text fusion-title-size-two\"><h2 class=\"fusion-title-heading title-heading-center fusion-responsive-typography-calculated\" style=\"margin:0;--fontSize:60;line-height:1.17;\">Si e B\u00ebjm\u00eb<\/h2><\/div><div class=\"fusion-text fusion-text-2\"><p style=\"text-align: left;\">Stafi yn\u00eb \u00ebsht\u00eb i kualifikuar p\u00ebr t\u00eb siguruar sh\u00ebrbime te plota menaxhimi projekti kudo n\u00ebp\u00ebr bot\u00eb.<br \/>\nOperimet suportohen n\u00eb vend si edhe ne laboratorin ton\u00eb me mjetet e posacme t\u00eb riparimit, testime dhe pajisje kalibrimi.<\/p>\n<\/div><div class=\"fusion-sep-clear\"><\/div><div class=\"fusion-separator fusion-full-width-sep\" style=\"margin-left: auto;margin-right: auto;margin-top:20px;width:100%;\"><\/div><div class=\"fusion-sep-clear\"><\/div><div class=\"fusion-button-wrapper\"><a class=\"fusion-button button-flat fusion-button-default-size button-default fusion-button-default button-1 fusion-button-default-span fusion-button-default-type\" target=\"_self\" href=\"https:\/\/mse.al\/kontakt\/\"><span class=\"fusion-button-text\">Na Kontaktoni<\/span><\/a><\/div><\/div><\/div><div class=\"fusion-clearfix\"><\/div><\/div><\/div><div class=\"fusion-layout-column fusion_builder_column fusion-builder-column-4 fusion_builder_column_1_2 1_2 fusion-one-half fusion-column-last\" style=\"--awb-bg-size:cover;width:50%;width:calc(50% - ( ( 7% ) * 0.5 ) );\"><div class=\"fusion-column-wrapper fusion-flex-column-wrapper-legacy\"><div class=\"fusion-image-element in-legacy-container\" style=\"--awb-liftup-border-radius:20px;--awb-caption-title-font-family:var(--h2_typography-font-family);--awb-caption-title-font-weight:var(--h2_typography-font-weight);--awb-caption-title-font-style:var(--h2_typography-font-style);--awb-caption-title-size:var(--h2_typography-font-size);--awb-caption-title-transform:var(--h2_typography-text-transform);--awb-caption-title-line-height:var(--h2_typography-line-height);--awb-caption-title-letter-spacing:var(--h2_typography-letter-spacing);\"><div class=\"awb-image-frame awb-image-frame-2 imageframe-liftup imageframe-2\"><span class=\" fusion-imageframe imageframe-dropshadow imageframe-2\" style=\"border:10px solid #ffffff;border-radius:20px;-webkit-box-shadow: 26px 26px 30px rgba(0,0,0,0.3);box-shadow: 26px 26px 30px rgba(0,0,0,0.3);\"><img decoding=\"async\" width=\"1000\" height=\"586\" title=\"Si e Bejme\" src=\"https:\/\/mse.al\/wp-content\/uploads\/2020\/10\/Si-e-Bejme.jpg\" alt class=\"img-responsive wp-image-4754\" srcset=\"https:\/\/mse.al\/wp-content\/uploads\/2020\/10\/Si-e-Bejme-200x117.jpg 200w, https:\/\/mse.al\/wp-content\/uploads\/2020\/10\/Si-e-Bejme-400x234.jpg 400w, https:\/\/mse.al\/wp-content\/uploads\/2020\/10\/Si-e-Bejme-600x352.jpg 600w, https:\/\/mse.al\/wp-content\/uploads\/2020\/10\/Si-e-Bejme-800x469.jpg 800w, https:\/\/mse.al\/wp-content\/uploads\/2020\/10\/Si-e-Bejme.jpg 1000w\" sizes=\"(max-width: 800px) 100vw, 600px\" \/><\/span><\/div><\/div><div class=\"fusion-clearfix\"><\/div><\/div><\/div><\/div><\/div><div class=\"fusion-fullwidth fullwidth-box fusion-builder-row-4 nonhundred-percent-fullwidth non-hundred-percent-height-scrolling\" style=\"--awb-border-radius-top-left:0px;--awb-border-radius-top-right:0px;--awb-border-radius-bottom-right:0px;--awb-border-radius-bottom-left:0px;--awb-padding-top:93px;--awb-padding-bottom:60px;--awb-flex-wrap:wrap;\" ><div class=\"fusion-builder-row fusion-row\"><div class=\"fusion-layout-column fusion_builder_column fusion-builder-column-5 fusion_builder_column_1_1 1_1 fusion-one-full fusion-column-first fusion-column-last\" style=\"--awb-bg-size:cover;\"><div class=\"fusion-column-wrapper fusion-flex-column-wrapper-legacy\"><div class=\"fusion-flip-boxes flip-boxes row fusion-columns-2 flip-effect-3d equal-heights\" style=\"--awb-flip-duration:0.8s;\"><div class=\"fusion-flip-box-wrapper fusion-column col-lg-6 col-md-6 col-sm-6\"><div class=\"fusion-flip-box flip-up\" tabindex=\"0\"><div class=\"flip-box-inner-wrapper\"><div class=\"flip-box-front\" style=\"--awb-icon-color:#ffffff;--awb-circle-color:#017a97;--awb-circle-border-color:#017a97;--awb-background-image-front:url(&#039;http:\/\/localhost\/wp-content\/uploads\/2019\/03\/team-widget-background-fade.png&#039;);\"><div class=\"flip-box-front-inner\"><div class=\"flip-box-grafix flip-box-circle\"><i aria-hidden=\"true\" class=\"fa-universal-access fas fa-spin\"><\/i><\/div><h2 class=\"flip-box-heading\">Vizioni<\/h2>Vizioni yn\u00eb \u00ebsht\u00eb t\u00eb jemi udh\u00ebheq\u00ebsi i tregut n\u00eb furnizimin me produkte dhe sh\u00ebrbime mjek\u00ebsore plot\u00ebsisht t\u00eb integruara n\u00eb t\u00eb gjth\u00eb gam\u00ebn.<\/div><\/div><div class=\"flip-box-back\" style=\"--awb-icon-color:#ffffff;--awb-circle-color:#017a97;--awb-circle-border-color:#017a97;--awb-background-color-back:#017a97;\"><div class=\"flip-box-back-inner\">\n<p style=\"text-align: center;\">Ne angazhohemi t\u00eb p\u00ebrmir\u00ebsojm\u00eb vazhdimisht \u00e7do pjes\u00eb t\u00eb biznesit ton\u00eb p\u00ebrmes bashk\u00ebpunimit me punonj\u00ebsit dhe klient\u00ebt.<\/p>\n<\/div><\/div><\/div><\/div><\/div><div class=\"fusion-flip-box-wrapper fusion-column col-lg-6 col-md-6 col-sm-6\"><div class=\"fusion-flip-box flip-up\" tabindex=\"0\"><div class=\"flip-box-inner-wrapper\"><div class=\"flip-box-front\" style=\"--awb-icon-color:#ffffff;--awb-circle-color:#017a97;--awb-circle-border-color:rgba(51,51,51,0);--awb-background-image-front:url(&#039;http:\/\/localhost\/wp-content\/uploads\/2019\/03\/team-widget-background-fade.png&#039;);\"><div class=\"flip-box-front-inner\"><div class=\"flip-box-grafix flip-box-circle\"><i aria-hidden=\"true\" class=\"fa-feather-alt fas fa-spin\"><\/i><\/div><h2 class=\"flip-box-heading\">Misioni<\/h2>Misioni yn\u00eb \u00ebsht\u00eb t\u2019u ofrojm\u00eb enteve dhe p\u00ebrdorues\u00ebve t\u00eb pajisjeve sh\u00ebndet\u00ebsore produkte mjek\u00ebsore t\u00eb avancuara me cil\u00ebsin\u00eb m\u00eb t\u00eb lart\u00eb n\u00eb treg.<\/div><\/div><div class=\"flip-box-back\" style=\"--awb-icon-color:#ffffff;--awb-circle-color:#017a97;--awb-circle-border-color:rgba(51,51,51,0);--awb-background-color-back:#017a97;\"><div class=\"flip-box-back-inner\">\n<p style=\"text-align: center;\">Kompania jon\u00eb p\u00ebrqendrohet n\u00eb ofrimin e produkteve dhe sh\u00ebrbimeve m\u00eb t\u00eb kualifikuara n\u00eb lidhje me p\u00ebrmir\u00ebsimin e kujdesit t\u00eb pacientit, me q\u00ebllim realizimin e standardeve p\u00ebr cil\u00ebsin\u00eb e jet\u00ebs s\u00eb njer\u00ebzve brenda \u00e7do segmenti q\u00eb p\u00ebrfshin kujdesin e sh\u00ebndetit.<\/p>\n<\/div><\/div><\/div><\/div><\/div><\/div><div class=\"clearfix\"><\/div><div class=\"fusion-clearfix\"><\/div><\/div><\/div><\/div><\/div><div class=\"fusion-fullwidth fullwidth-box fusion-builder-row-5 nonhundred-percent-fullwidth non-hundred-percent-height-scrolling\" style=\"--awb-border-radius-top-left:0px;--awb-border-radius-top-right:0px;--awb-border-radius-bottom-right:0px;--awb-border-radius-bottom-left:0px;--awb-padding-top:50px;--awb-padding-bottom:50px;--awb-background-color:#f7f7f7;--awb-flex-wrap:wrap;\" ><div class=\"fusion-builder-row fusion-row\"><div class=\"fusion-layout-column fusion_builder_column fusion-builder-column-6 fusion_builder_column_1_1 1_1 fusion-one-full fusion-column-first fusion-column-last\" style=\"--awb-padding-bottom:44px;--awb-bg-size:cover;\"><div class=\"fusion-column-wrapper fusion-flex-column-wrapper-legacy\"><div class=\"fusion-title title fusion-title-3 sep-underline sep-solid fusion-title-center fusion-title-text fusion-title-size-two\" style=\"--awb-margin-bottom:30px;\"><h2 class=\"fusion-title-heading title-heading-center fusion-responsive-typography-calculated\" style=\"margin:0;--fontSize:60;line-height:1.17;\">Showroom i Par\u00eb P\u00ebr Pajisjet Mjek\u00ebsore n\u00eb Shqip\u00ebri<\/h2><\/div><div class=\"fusion-clearfix\"><\/div><\/div><\/div><div class=\"fusion-layout-column fusion_builder_column fusion-builder-column-7 fusion_builder_column_1_2 1_2 fusion-one-half fusion-column-first\" style=\"--awb-bg-size:cover;width:50%;width:calc(50% - ( ( 4% ) * 0.5 ) );margin-right: 4%;\"><div class=\"fusion-column-wrapper fusion-flex-column-wrapper-legacy\"><div class=\"fusion-text fusion-text-3\"><p style=\"text-align: left;\">Blerja e pajisjeve mjek\u00ebsore \u00ebsht\u00eb nj\u00eb investim p\u00ebr \u00e7do qend\u00ebr spitalore apo klinika t\u00eb ndryshme. P\u00ebr t\u2019i ardhur sa m\u00eb shum\u00eb n\u00eb ndihm\u00eb klient\u00ebve tan\u00eb, ne mund\u00ebsojm\u00eb Showroom-in e par\u00eb n\u00eb Shqip\u00ebri p\u00ebr pajisjet mjek\u00ebsore dhe dentare, materiale mjek\u00ebsore, dentare konsumi etj. N\u00eb nj\u00eb treg ku zgjedhjet jan\u00eb t\u00eb larmishme por jo gjithmon\u00eb t\u00eb prekshme, zgjedhja e produktit t\u00eb duhur nuk \u00ebsht\u00eb e thjesht\u00eb. Pran\u00eb showroom-it ton\u00eb n\u00eb Tiran\u00eb, ju mund t\u00eb testoni dhe provoni pajisjen nga af\u00ebr.<br \/>\nKrahas pajisjeve t\u00eb ekspozuara, n\u00eb k\u00ebt\u00eb showroom do t\u00eb gjeni edhe asistenc\u00eb profesionale nga inxhinier\u00ebt tan\u00eb p\u00ebr \u00e7do pyetje teknike apo paqart\u00ebsi.<\/p>\n<\/div><div class=\"fusion-clearfix\"><\/div><\/div><\/div><div class=\"fusion-layout-column fusion_builder_column fusion-builder-column-8 fusion_builder_column_1_2 1_2 fusion-one-half fusion-column-last\" style=\"--awb-padding-left:150px;--awb-bg-size:cover;width:50%;width:calc(50% - ( ( 4% ) * 0.5 ) );\"><div class=\"fusion-column-wrapper fusion-column-has-shadow fusion-flex-column-wrapper-legacy\"><div class=\"fusion-image-element in-legacy-container\" style=\"--awb-liftup-border-radius:20px;--awb-caption-title-font-family:var(--h2_typography-font-family);--awb-caption-title-font-weight:var(--h2_typography-font-weight);--awb-caption-title-font-style:var(--h2_typography-font-style);--awb-caption-title-size:var(--h2_typography-font-size);--awb-caption-title-transform:var(--h2_typography-text-transform);--awb-caption-title-line-height:var(--h2_typography-line-height);--awb-caption-title-letter-spacing:var(--h2_typography-letter-spacing);\"><div class=\"awb-image-frame awb-image-frame-3 imageframe-liftup imageframe-3\"><span class=\" fusion-imageframe imageframe-dropshadow imageframe-3\" style=\"border:10px solid #ffffff;border-radius:20px;-webkit-box-shadow: 26px 26px 30px rgba(0,0,0,0.3);box-shadow: 26px 26px 30px rgba(0,0,0,0.3);\"><img decoding=\"async\" width=\"1438\" height=\"1080\" title=\"Foto showroom fq 3 4 (1)\" src=\"https:\/\/mse.al\/wp-content\/uploads\/2020\/10\/Foto-showroom-fq-3-4-1.jpg\" alt class=\"img-responsive wp-image-4753\" srcset=\"https:\/\/mse.al\/wp-content\/uploads\/2020\/10\/Foto-showroom-fq-3-4-1-200x150.jpg 200w, https:\/\/mse.al\/wp-content\/uploads\/2020\/10\/Foto-showroom-fq-3-4-1-400x300.jpg 400w, https:\/\/mse.al\/wp-content\/uploads\/2020\/10\/Foto-showroom-fq-3-4-1-600x451.jpg 600w, https:\/\/mse.al\/wp-content\/uploads\/2020\/10\/Foto-showroom-fq-3-4-1-800x601.jpg 800w, https:\/\/mse.al\/wp-content\/uploads\/2020\/10\/Foto-showroom-fq-3-4-1-1200x901.jpg 1200w, https:\/\/mse.al\/wp-content\/uploads\/2020\/10\/Foto-showroom-fq-3-4-1.jpg 1438w\" sizes=\"(max-width: 800px) 100vw, 600px\" \/><\/span><\/div><\/div><div class=\"fusion-clearfix\"><\/div><\/div><\/div><\/div><\/div><\/p>\n","protected":false},"excerpt":{"rendered":"","protected":false},"author":2,"featured_media":0,"parent":0,"menu_order":0,"comment_status":"closed","ping_status":"closed","template":"100-width.php","meta":{"footnotes":""},"class_list":["post-4748","page","type-page","status-publish","hentry"],"_links":{"self":[{"href":"https:\/\/mse.al\/sq\/wp-json\/wp\/v2\/pages\/4748","targetHints":{"allow":["GET"]}}],"collection":[{"href":"https:\/\/mse.al\/sq\/wp-json\/wp\/v2\/pages"}],"about":[{"href":"https:\/\/mse.al\/sq\/wp-json\/wp\/v2\/types\/page"}],"author":[{"embeddable":true,"href":"https:\/\/mse.al\/sq\/wp-json\/wp\/v2\/users\/2"}],"replies":[{"embeddable":true,"href":"https:\/\/mse.al\/sq\/wp-json\/wp\/v2\/comments?post=4748"}],"version-history":[{"count":4,"href":"https:\/\/mse.al\/sq\/wp-json\/wp\/v2\/pages\/4748\/revisions"}],"predecessor-version":[{"id":4797,"href":"https:\/\/mse.al\/sq\/wp-json\/wp\/v2\/pages\/4748\/revisions\/4797"}],"wp:attachment":[{"href":"https:\/\/mse.al\/sq\/wp-json\/wp\/v2\/media?parent=4748"}],"curies":[{"name":"wp","href":"https:\/\/api.w.org\/{rel}","templated":true}]}}